{"id":8924,"date":"2024-09-10T16:07:50","date_gmt":"2024-09-10T14:07:50","guid":{"rendered":"https:\/\/domainedelaforestiere.fr\/?page_id=8924"},"modified":"2024-11-21T11:17:49","modified_gmt":"2024-11-21T10:17:49","slug":"mariage","status":"publish","type":"page","link":"https:\/\/domainedelaforestiere.fr\/en\/wedding\/","title":{"rendered":"Wedding"},"content":{"rendered":"<div data-elementor-type=\"wp-page\" data-elementor-id=\"8924\" class=\"elementor elementor-8924\" data-elementor-post-type=\"page\">\n\t\t\t\t\t\t<section class=\"elementor-section elementor-top-section elementor-element elementor-element-5d743d86 elementor-section-stretched elementor-section-content-middle elementor-section-boxed elementor-section-height-default elementor-section-height-default\" data-id=\"5d743d86\" data-element_type=\"section\" data-settings=\"{&quot;stretch_section&quot;:&quot;section-stretched&quot;,&quot;background_background&quot;:&quot;slideshow&quot;,&quot;background_slideshow_gallery&quot;:[{&quot;id&quot;:9062,&quot;url&quot;:&quot;https:\\\/\\\/domainedelaforestiere.fr\\\/wp-content\\\/uploads\\\/depositphotos_18912971_ds-scaled.jpg&quot;},{&quot;id&quot;:9063,&quot;url&quot;:&quot;https:\\\/\\\/domainedelaforestiere.fr\\\/wp-content\\\/uploads\\\/depositphotos_134000150_ds.jpg&quot;},{&quot;id&quot;:8996,&quot;url&quot;:&quot;https:\\\/\\\/domainedelaforestiere.fr\\\/wp-content\\\/uploads\\\/qui84upbhoc.jpg&quot;},{&quot;id&quot;:8994,&quot;url&quot;:&quot;https:\\\/\\\/domainedelaforestiere.fr\\\/wp-content\\\/uploads\\\/s2ysslw97l4.jpg&quot;}],&quot;background_slideshow_loop&quot;:&quot;yes&quot;,&quot;background_slideshow_slide_duration&quot;:5000,&quot;background_slideshow_slide_transition&quot;:&quot;fade&quot;,&quot;background_slideshow_transition_duration&quot;:500}\">\n\t\t\t\t\t\t\t<div class=\"elementor-background-overlay\"><\/div>\n\t\t\t\t\t\t\t<div class=\"elementor-container elementor-column-gap-default\">\n\t\t\t\t\t<div class=\"elementor-column elementor-col-100 elementor-top-column elementor-element elementor-element-3f6ef4c9\" data-id=\"3f6ef4c9\" data-element_type=\"column\">\n\t\t\t<div class=\"elementor-widget-wrap elementor-element-populated\">\n\t\t\t\t\t\t<div class=\"elementor-element elementor-element-fc3df52 elementor-widget elementor-widget-text-editor\" data-id=\"fc3df52\" data-element_type=\"widget\" data-widget_type=\"text-editor.default\">\n\t\t\t\t<div class=\"elementor-widget-container\">\n\t\t\t\t\t\t\t\t\t<h1 class=\"pagehead1\"><span class=\"pagehead2\">Weddings at Domaine de la Foresti\u00e8re<\/span><\/h1>\t\t\t\t\t\t\t\t<\/div>\n\t\t\t\t<\/div>\n\t\t\t\t\t<\/div>\n\t\t<\/div>\n\t\t\t\t\t<\/div>\n\t\t<\/section>\n\t\t\t\t<section class=\"elementor-section elementor-top-section elementor-element elementor-element-2f6166a4 elementor-section-content-middle elementor-section-stretched elementor-section-boxed elementor-section-height-default elementor-section-height-default\" data-id=\"2f6166a4\" data-element_type=\"section\" data-settings=\"{&quot;stretch_section&quot;:&quot;section-stretched&quot;,&quot;background_background&quot;:&quot;classic&quot;}\">\n\t\t\t\t\t\t<div class=\"elementor-container elementor-column-gap-default\">\n\t\t\t\t\t<div class=\"elementor-column elementor-col-100 elementor-top-column elementor-element elementor-element-5d491a20\" data-id=\"5d491a20\" data-element_type=\"column\">\n\t\t\t<div class=\"elementor-widget-wrap elementor-element-populated\">\n\t\t\t\t\t\t<section class=\"elementor-section elementor-inner-section elementor-element elementor-element-2cf5e58 elementor-reverse-tablet elementor-reverse-mobile elementor-section-boxed elementor-section-height-default elementor-section-height-default\" data-id=\"2cf5e58\" data-element_type=\"section\">\n\t\t\t\t\t\t<div class=\"elementor-container elementor-column-gap-default\">\n\t\t\t\t\t<div class=\"elementor-column elementor-col-50 elementor-inner-column elementor-element elementor-element-1bfb9f9\" data-id=\"1bfb9f9\" data-element_type=\"column\">\n\t\t\t<div class=\"elementor-widget-wrap elementor-element-populated\">\n\t\t\t\t\t\t<div class=\"elementor-element elementor-element-74cb313 elementor-arrows-position-inside elementor-widget elementor-widget-image-carousel\" data-id=\"74cb313\" data-element_type=\"widget\" data-settings=\"{&quot;slides_to_show&quot;:&quot;1&quot;,&quot;navigation&quot;:&quot;arrows&quot;,&quot;autoplay&quot;:&quot;yes&quot;,&quot;pause_on_hover&quot;:&quot;yes&quot;,&quot;pause_on_interaction&quot;:&quot;yes&quot;,&quot;autoplay_speed&quot;:5000,&quot;infinite&quot;:&quot;yes&quot;,&quot;effect&quot;:&quot;slide&quot;,&quot;speed&quot;:500}\" data-widget_type=\"image-carousel.default\">\n\t\t\t\t<div class=\"elementor-widget-container\">\n\t\t\t\t\t\t\t<div class=\"elementor-image-carousel-wrapper swiper\" role=\"region\" aria-roledescription=\"carousel\" aria-label=\"Carrousel d\u2019images\" dir=\"ltr\">\n\t\t\t<div class=\"elementor-image-carousel swiper-wrapper swiper-image-stretch\" aria-live=\"off\">\n\t\t\t\t\t\t\t\t<div class=\"swiper-slide\" role=\"group\" aria-roledescription=\"slide\" aria-label=\"1 sur 4\"><figure class=\"swiper-slide-inner\"><img decoding=\"async\" class=\"swiper-slide-image\" src=\"https:\/\/domainedelaforestiere.fr\/wp-content\/uploads\/x40q9jrevt0-1536x1025.jpg\" alt=\"bouquet of assorted-color flowers hanged on brown plank with white textile\" \/><\/figure><\/div><div class=\"swiper-slide\" role=\"group\" aria-roledescription=\"slide\" aria-label=\"2 sur 4\"><figure class=\"swiper-slide-inner\"><img decoding=\"async\" class=\"swiper-slide-image\" src=\"https:\/\/domainedelaforestiere.fr\/wp-content\/uploads\/no8sj4dke8k-1536x1024.jpg\" alt=\"two people standing on brown wooden floor\" \/><\/figure><\/div><div class=\"swiper-slide\" role=\"group\" aria-roledescription=\"slide\" aria-label=\"3 sur 4\"><figure class=\"swiper-slide-inner\"><img decoding=\"async\" class=\"swiper-slide-image\" src=\"https:\/\/domainedelaforestiere.fr\/wp-content\/uploads\/adobestock_570961210_preview-e1727105975700.jpeg\" alt=\"adobestock_570961210_preview\" \/><\/figure><\/div><div class=\"swiper-slide\" role=\"group\" aria-roledescription=\"slide\" aria-label=\"4 sur 4\"><figure class=\"swiper-slide-inner\"><img decoding=\"async\" class=\"swiper-slide-image\" src=\"https:\/\/domainedelaforestiere.fr\/wp-content\/uploads\/adobestock_566045178_preview-e1727105986123.jpeg\" alt=\"adobestock_566045178_preview\" \/><\/figure><\/div>\t\t\t<\/div>\n\t\t\t\t\t\t\t\t\t\t\t\t<div class=\"elementor-swiper-button elementor-swiper-button-prev\" role=\"button\" tabindex=\"0\">\n\t\t\t\t\t\t<i aria-hidden=\"true\" class=\"eicon-chevron-left\"><\/i>\t\t\t\t\t<\/div>\n\t\t\t\t\t<div class=\"elementor-swiper-button elementor-swiper-button-next\" role=\"button\" tabindex=\"0\">\n\t\t\t\t\t\t<i aria-hidden=\"true\" class=\"eicon-chevron-right\"><\/i>\t\t\t\t\t<\/div>\n\t\t\t\t\n\t\t\t\t\t\t\t\t\t<\/div>\n\t\t\t\t\t\t<\/div>\n\t\t\t\t<\/div>\n\t\t\t\t\t<\/div>\n\t\t<\/div>\n\t\t\t\t<div class=\"elementor-column elementor-col-50 elementor-inner-column elementor-element elementor-element-df9fd70\" data-id=\"df9fd70\" data-element_type=\"column\">\n\t\t\t<div class=\"elementor-widget-wrap elementor-element-populated\">\n\t\t\t\t\t\t<div class=\"elementor-element elementor-element-fa09d93 elementor-widget__width-auto elementor-widget-mobile__width-inherit elementor-widget elementor-widget-text-editor\" data-id=\"fa09d93\" data-element_type=\"widget\" data-widget_type=\"text-editor.default\">\n\t\t\t\t<div class=\"elementor-widget-container\">\n\t\t\t\t\t\t\t\t\t<h2 style=\"\"><span class=\"fonthightspirited\" style=\"font-size: 50px;\">Celebrating at the estate<\/span><\/h2>\t\t\t\t\t\t\t\t<\/div>\n\t\t\t\t<\/div>\n\t\t\t\t<div class=\"elementor-element elementor-element-658457d elementor-widget elementor-widget-heading\" data-id=\"658457d\" data-element_type=\"widget\" data-widget_type=\"heading.default\">\n\t\t\t\t<div class=\"elementor-widget-container\">\n\t\t\t\t\t<h2 class=\"elementor-heading-title elementor-size-default\">Your wedding<\/h2>\t\t\t\t<\/div>\n\t\t\t\t<\/div>\n\t\t\t\t<div class=\"elementor-element elementor-element-8121c16 elementor-widget elementor-widget-text-editor\" data-id=\"8121c16\" data-element_type=\"widget\" data-widget_type=\"text-editor.default\">\n\t\t\t\t<div class=\"elementor-widget-container\">\n\t\t\t\t\t\t\t\t\t<p>Getting married at the Domaine means receiving your guests in a place with a special atmosphere.<br \/>a magical, authentic story in the heart of the forest.<br \/>The entire estate would then be privatised and all the accommodation would be rented out.<br \/>available for your guests!<\/p><p><br \/>An estate is big and often far from the city.<br \/>It's calm, it's relaxing, it's a bit disconnected from the world.<br \/>Like you for that weekend, in fact!<\/p><p><br \/>A weekend away from it all<br \/>where you'll be on cloud nine with the people you love,<br \/>away from the hassles of everyday life.<\/p><p><br \/>An estate is a large residence, a huge golf course, a ch\u00e2teau,<br \/>a mas proven\u00e7al, a farmhouse surrounded by fields as far as the eye can see...<br \/>And it's also gardens, greenery, forests, air and space,<br \/>the chance to walk around and breathe!<\/p><p><br \/>Surrounded by large green spaces, our estate offers you the opportunity to organise<br \/>your wedding or secular ceremony, the vin d'honneur, your meal,<br \/>but also the next day's brunch!<\/p><p><br \/>Write your own script, under the big top or under the stars.<br \/>Don't hesitate to contact us!<\/p>\t\t\t\t\t\t\t\t<\/div>\n\t\t\t\t<\/div>\n\t\t\t\t\t<\/div>\n\t\t<\/div>\n\t\t\t\t\t<\/div>\n\t\t<\/section>\n\t\t\t\t\t<\/div>\n\t\t<\/div>\n\t\t\t\t\t<\/div>\n\t\t<\/section>\n\t\t\t\t<\/div>","protected":false},"excerpt":{"rendered":"<p>Mariages au Domaine de la Foresti\u00e8re C\u00e9l\u00e9brer au domaine Votre Mariage Se marier au Domaine, c\u2019est recevoir ses invit\u00e9s dans un endroit avec une histoire, magique &amp; authentique, au coeur de la for\u00eat. L\u2019ensemble du Domaine \u00e9tant alors privatiser et tout les logements disponibles pour vos invit\u00e9s ! Un domaine, c\u2019est grand et souvent, c\u2019est [&hellip;]<\/p>","protected":false},"author":1,"featured_media":8926,"parent":0,"menu_order":0,"comment_status":"closed","ping_status":"closed","template":"","meta":{"footnotes":""},"class_list":["post-8924","page","type-page","status-publish","has-post-thumbnail","hentry"],"yoast_head":"<!-- This site is optimized with the Yoast SEO plugin v26.1.1 - https:\/\/yoast.com\/wordpress\/plugins\/seo\/ -->\n<title>Mariage - Domaine de la Foresti\u00e8re<\/title>\n<meta name=\"description\" content=\"Mariage au domaine de la foresti\u00e8re Alsace, Grand domaine forestier Grand Est Alsace. Votre mariage au Domaine de la Foresti\u00e8re en Moselle : un cadre authentique en pleine nature\" \/>\n<meta name=\"robots\" content=\"index, follow, max-snippet:-1, max-image-preview:large, max-video-preview:-1\" \/>\n<link rel=\"canonical\" href=\"https:\/\/domainedelaforestiere.fr\/en\/wedding\/\" \/>\n<meta property=\"og:locale\" content=\"en_GB\" \/>\n<meta property=\"og:type\" content=\"article\" \/>\n<meta property=\"og:title\" content=\"Mariage - Domaine de la Foresti\u00e8re\" \/>\n<meta property=\"og:description\" content=\"Mariage au domaine de la foresti\u00e8re Alsace, Grand domaine forestier Grand Est Alsace. Votre mariage au Domaine de la Foresti\u00e8re en Moselle : un cadre authentique en pleine nature\" \/>\n<meta property=\"og:url\" content=\"https:\/\/domainedelaforestiere.fr\/en\/wedding\/\" \/>\n<meta property=\"og:site_name\" content=\"Domaine de la Foresti\u00e8re\" \/>\n<meta property=\"article:modified_time\" content=\"2024-11-21T10:17:49+00:00\" \/>\n<meta property=\"og:image\" content=\"https:\/\/domainedelaforestiere.fr\/wp-content\/uploads\/x40q9jrevt0.jpg\" \/>\n\t<meta property=\"og:image:width\" content=\"1600\" \/>\n\t<meta property=\"og:image:height\" content=\"1068\" \/>\n\t<meta property=\"og:image:type\" content=\"image\/jpeg\" \/>\n<meta name=\"twitter:card\" content=\"summary_large_image\" \/>\n<meta name=\"twitter:label1\" content=\"Estimated reading time\" \/>\n\t<meta name=\"twitter:data1\" content=\"2 minutes\" \/>\n<script type=\"application\/ld+json\" class=\"yoast-schema-graph\">{\"@context\":\"https:\/\/schema.org\",\"@graph\":[{\"@type\":\"WebPage\",\"@id\":\"https:\/\/domainedelaforestiere.fr\/mariage\/\",\"url\":\"https:\/\/domainedelaforestiere.fr\/mariage\/\",\"name\":\"Mariage - Domaine de la Foresti\u00e8re\",\"isPartOf\":{\"@id\":\"https:\/\/domainedelaforestiere.fr\/#website\"},\"primaryImageOfPage\":{\"@id\":\"https:\/\/domainedelaforestiere.fr\/mariage\/#primaryimage\"},\"image\":{\"@id\":\"https:\/\/domainedelaforestiere.fr\/mariage\/#primaryimage\"},\"thumbnailUrl\":\"https:\/\/domainedelaforestiere.fr\/wp-content\/uploads\/x40q9jrevt0.jpg\",\"datePublished\":\"2024-09-10T14:07:50+00:00\",\"dateModified\":\"2024-11-21T10:17:49+00:00\",\"description\":\"Mariage au domaine de la foresti\u00e8re Alsace, Grand domaine forestier Grand Est Alsace. Votre mariage au Domaine de la Foresti\u00e8re en Moselle : un cadre authentique en pleine nature\",\"breadcrumb\":{\"@id\":\"https:\/\/domainedelaforestiere.fr\/mariage\/#breadcrumb\"},\"inLanguage\":\"en-GB\",\"potentialAction\":[{\"@type\":\"ReadAction\",\"target\":[\"https:\/\/domainedelaforestiere.fr\/mariage\/\"]}]},{\"@type\":\"ImageObject\",\"inLanguage\":\"en-GB\",\"@id\":\"https:\/\/domainedelaforestiere.fr\/mariage\/#primaryimage\",\"url\":\"https:\/\/domainedelaforestiere.fr\/wp-content\/uploads\/x40q9jrevt0.jpg\",\"contentUrl\":\"https:\/\/domainedelaforestiere.fr\/wp-content\/uploads\/x40q9jrevt0.jpg\",\"width\":1600,\"height\":1068,\"caption\":\"bouquet of assorted-color flowers hanged on brown plank with white textile\"},{\"@type\":\"BreadcrumbList\",\"@id\":\"https:\/\/domainedelaforestiere.fr\/mariage\/#breadcrumb\",\"itemListElement\":[{\"@type\":\"ListItem\",\"position\":1,\"name\":\"Accueil\",\"item\":\"https:\/\/domainedelaforestiere.fr\/\"},{\"@type\":\"ListItem\",\"position\":2,\"name\":\"Mariage\"}]},{\"@type\":\"WebSite\",\"@id\":\"https:\/\/domainedelaforestiere.fr\/#website\",\"url\":\"https:\/\/domainedelaforestiere.fr\/\",\"name\":\"Domaine de la Foresti\u00e8re\",\"description\":\"\",\"potentialAction\":[{\"@type\":\"SearchAction\",\"target\":{\"@type\":\"EntryPoint\",\"urlTemplate\":\"https:\/\/domainedelaforestiere.fr\/?s={search_term_string}\"},\"query-input\":{\"@type\":\"PropertyValueSpecification\",\"valueRequired\":true,\"valueName\":\"search_term_string\"}}],\"inLanguage\":\"en-GB\"}]}<\/script>\n<!-- \/ Yoast SEO plugin. -->","yoast_head_json":{"title":"Mariage - Domaine de la Foresti\u00e8re","description":"Mariage au domaine de la foresti\u00e8re Alsace, Grand domaine forestier Grand Est Alsace. Votre mariage au Domaine de la Foresti\u00e8re en Moselle : un cadre authentique en pleine nature","robots":{"index":"index","follow":"follow","max-snippet":"max-snippet:-1","max-image-preview":"max-image-preview:large","max-video-preview":"max-video-preview:-1"},"canonical":"https:\/\/domainedelaforestiere.fr\/en\/wedding\/","og_locale":"en_GB","og_type":"article","og_title":"Mariage - Domaine de la Foresti\u00e8re","og_description":"Mariage au domaine de la foresti\u00e8re Alsace, Grand domaine forestier Grand Est Alsace. Votre mariage au Domaine de la Foresti\u00e8re en Moselle : un cadre authentique en pleine nature","og_url":"https:\/\/domainedelaforestiere.fr\/en\/wedding\/","og_site_name":"Domaine de la Foresti\u00e8re","article_modified_time":"2024-11-21T10:17:49+00:00","og_image":[{"width":1600,"height":1068,"url":"https:\/\/domainedelaforestiere.fr\/wp-content\/uploads\/x40q9jrevt0.jpg","type":"image\/jpeg"}],"twitter_card":"summary_large_image","twitter_misc":{"Estimated reading time":"2 minutes"},"schema":{"@context":"https:\/\/schema.org","@graph":[{"@type":"WebPage","@id":"https:\/\/domainedelaforestiere.fr\/mariage\/","url":"https:\/\/domainedelaforestiere.fr\/mariage\/","name":"Mariage - Domaine de la Foresti\u00e8re","isPartOf":{"@id":"https:\/\/domainedelaforestiere.fr\/#website"},"primaryImageOfPage":{"@id":"https:\/\/domainedelaforestiere.fr\/mariage\/#primaryimage"},"image":{"@id":"https:\/\/domainedelaforestiere.fr\/mariage\/#primaryimage"},"thumbnailUrl":"https:\/\/domainedelaforestiere.fr\/wp-content\/uploads\/x40q9jrevt0.jpg","datePublished":"2024-09-10T14:07:50+00:00","dateModified":"2024-11-21T10:17:49+00:00","description":"Mariage au domaine de la foresti\u00e8re Alsace, Grand domaine forestier Grand Est Alsace. Votre mariage au Domaine de la Foresti\u00e8re en Moselle : un cadre authentique en pleine nature","breadcrumb":{"@id":"https:\/\/domainedelaforestiere.fr\/mariage\/#breadcrumb"},"inLanguage":"en-GB","potentialAction":[{"@type":"ReadAction","target":["https:\/\/domainedelaforestiere.fr\/mariage\/"]}]},{"@type":"ImageObject","inLanguage":"en-GB","@id":"https:\/\/domainedelaforestiere.fr\/mariage\/#primaryimage","url":"https:\/\/domainedelaforestiere.fr\/wp-content\/uploads\/x40q9jrevt0.jpg","contentUrl":"https:\/\/domainedelaforestiere.fr\/wp-content\/uploads\/x40q9jrevt0.jpg","width":1600,"height":1068,"caption":"bouquet of assorted-color flowers hanged on brown plank with white textile"},{"@type":"BreadcrumbList","@id":"https:\/\/domainedelaforestiere.fr\/mariage\/#breadcrumb","itemListElement":[{"@type":"ListItem","position":1,"name":"Accueil","item":"https:\/\/domainedelaforestiere.fr\/"},{"@type":"ListItem","position":2,"name":"Mariage"}]},{"@type":"WebSite","@id":"https:\/\/domainedelaforestiere.fr\/#website","url":"https:\/\/domainedelaforestiere.fr\/","name":"Domaine de la Foresti\u00e8re","description":"","potentialAction":[{"@type":"SearchAction","target":{"@type":"EntryPoint","urlTemplate":"https:\/\/domainedelaforestiere.fr\/?s={search_term_string}"},"query-input":{"@type":"PropertyValueSpecification","valueRequired":true,"valueName":"search_term_string"}}],"inLanguage":"en-GB"}]}},"_links":{"self":[{"href":"https:\/\/domainedelaforestiere.fr\/en\/wp-json\/wp\/v2\/pages\/8924","targetHints":{"allow":["GET"]}}],"collection":[{"href":"https:\/\/domainedelaforestiere.fr\/en\/wp-json\/wp\/v2\/pages"}],"about":[{"href":"https:\/\/domainedelaforestiere.fr\/en\/wp-json\/wp\/v2\/types\/page"}],"author":[{"embeddable":true,"href":"https:\/\/domainedelaforestiere.fr\/en\/wp-json\/wp\/v2\/users\/1"}],"replies":[{"embeddable":true,"href":"https:\/\/domainedelaforestiere.fr\/en\/wp-json\/wp\/v2\/comments?post=8924"}],"version-history":[{"count":62,"href":"https:\/\/domainedelaforestiere.fr\/en\/wp-json\/wp\/v2\/pages\/8924\/revisions"}],"predecessor-version":[{"id":9439,"href":"https:\/\/domainedelaforestiere.fr\/en\/wp-json\/wp\/v2\/pages\/8924\/revisions\/9439"}],"wp:featuredmedia":[{"embeddable":true,"href":"https:\/\/domainedelaforestiere.fr\/en\/wp-json\/wp\/v2\/media\/8926"}],"wp:attachment":[{"href":"https:\/\/domainedelaforestiere.fr\/en\/wp-json\/wp\/v2\/media?parent=8924"}],"curies":[{"name":"wp","href":"https:\/\/api.w.org\/{rel}","templated":true}]}}